{"id":2,"date":"2016-04-13T12:59:30","date_gmt":"2016-04-13T10:59:30","guid":{"rendered":"http:\/\/www.toscagiunco.com\/?page_id=2"},"modified":"2016-04-14T10:42:22","modified_gmt":"2016-04-14T08:42:22","slug":"pagina-di-esempio","status":"publish","type":"page","link":"http:\/\/www.toscagiunco.com\/index.php\/pagina-di-esempio\/","title":{"rendered":"Profilo"},"content":{"rendered":"<div style=\"width:50%\">\nLa Falegnameria Tosca Giunco nasce nel 1979, \u00e8 in quell&#8217;anno che Vincenzo e la moglie Tosca aprono il loro laboratorio artigianale.<br \/>\n<br \/>\nIn quei giorni, con pochi macchinari e molta passione, ci si dedica alla lavorazione del giunco e del bambu&#8217;.<br \/>\n<br \/>\nI figli Alberto e Filippo ereditano sia l&#8217; azienda che la passione per il legno ed espandono la lavorazione dal mobile in giunco e bambu&#8217; , al mobile classico ed a quello moderno.<br \/>\n<br \/>\nNel corso degli anni si sono specializzati nella ristrutturazione e vendita di porte da interno e da esterno, di finestre e di persiane.<br \/>\n<br \/>\nRinnovandosi, aggiornando i macchinari, sono diventati esperti nella realizzazione di cucine e in quella di mobili personalizzati, cercando di rispettare al meglio le esigenze dei clienti.<br \/>\n<br \/>\nEntrambi i soci mostrano una particolare attenzione verso il rispetto dell&#8217; ambiente orientando il loro interesse verso materiali di recupero, soprattutto per la realizzazione dell&#8217;arredamento per negozi, riuscendo, con esperienza ed amore per il proprio lavoro,\u00a0 a dare nuova vita a materiali di scarto in legno.<br \/>\n<br \/>\nUn altro punto di forza \u00e8 la disponibilit\u00e0 nella realizzazione di disegni e preventivi, dedicandosi, cos\u00ec, alla completa soddifazione del cliente .\n<\/div>\n","protected":false},"excerpt":{"rendered":"<p>La Falegnameria Tosca Giunco nasce nel 1979, \u00e8 in quell&#8217;anno che Vincenzo e la moglie Tosca aprono il loro laboratorio [&hellip;]<\/p>\n","protected":false},"author":1,"featured_media":0,"parent":0,"menu_order":0,"comment_status":"closed","ping_status":"open","template":"template-fullwidth.php","meta":{"site-sidebar-layout":"default","site-content-layout":"","ast-site-content-layout":"default","site-content-style":"default","site-sidebar-style":"default","ast-global-header-display":"","ast-banner-title-visibility":"","ast-main-header-display":"","ast-hfb-above-header-display":"","ast-hfb-below-header-display":"","ast-hfb-mobile-header-display":"","site-post-title":"","ast-breadcrumbs-content":"","ast-featured-img":"","footer-sml-layout":"","ast-disable-related-posts":"","theme-transparent-header-meta":"","adv-header-id-meta":"","stick-header-meta":"","header-above-stick-meta":"","header-main-stick-meta":"","header-below-stick-meta":"","astra-migrate-meta-layouts":"default","ast-page-background-enabled":"default","ast-page-background-meta":{"desktop":{"background-color":"var(--ast-global-color-5)","background-image":"","background-repeat":"repeat","background-position":"center center","background-size":"auto","background-attachment":"scroll","background-type":"","background-media":"","overlay-type":"","overlay-color":"","overlay-opacity":"","overlay-gradient":""},"tablet":{"background-color":"","background-image":"","background-repeat":"repeat","background-position":"center center","background-size":"auto","background-attachment":"scroll","background-type":"","background-media":"","overlay-type":"","overlay-color":"","overlay-opacity":"","overlay-gradient":""},"mobile":{"background-color":"","background-image":"","background-repeat":"repeat","background-position":"center center","background-size":"auto","background-attachment":"scroll","background-type":"","background-media":"","overlay-type":"","overlay-color":"","overlay-opacity":"","overlay-gradient":""}},"ast-content-background-meta":{"desktop":{"background-color":"var(--ast-global-color-4)","background-image":"","background-repeat":"repeat","background-position":"center center","background-size":"auto","background-attachment":"scroll","background-type":"","background-media":"","overlay-type":"","overlay-color":"","overlay-opacity":"","overlay-gradient":""},"tablet":{"background-color":"var(--ast-global-color-4)","background-image":"","background-repeat":"repeat","background-position":"center center","background-size":"auto","background-attachment":"scroll","background-type":"","background-media":"","overlay-type":"","overlay-color":"","overlay-opacity":"","overlay-gradient":""},"mobile":{"background-color":"var(--ast-global-color-4)","background-image":"","background-repeat":"repeat","background-position":"center center","background-size":"auto","background-attachment":"scroll","background-type":"","background-media":"","overlay-type":"","overlay-color":"","overlay-opacity":"","overlay-gradient":""}},"footnotes":""},"class_list":["post-2","page","type-page","status-publish","hentry"],"_links":{"self":[{"href":"http:\/\/www.toscagiunco.com\/index.php\/wp-json\/wp\/v2\/pages\/2","targetHints":{"allow":["GET"]}}],"collection":[{"href":"http:\/\/www.toscagiunco.com\/index.php\/wp-json\/wp\/v2\/pages"}],"about":[{"href":"http:\/\/www.toscagiunco.com\/index.php\/wp-json\/wp\/v2\/types\/page"}],"author":[{"embeddable":true,"href":"http:\/\/www.toscagiunco.com\/index.php\/wp-json\/wp\/v2\/users\/1"}],"replies":[{"embeddable":true,"href":"http:\/\/www.toscagiunco.com\/index.php\/wp-json\/wp\/v2\/comments?post=2"}],"version-history":[{"count":9,"href":"http:\/\/www.toscagiunco.com\/index.php\/wp-json\/wp\/v2\/pages\/2\/revisions"}],"predecessor-version":[{"id":53,"href":"http:\/\/www.toscagiunco.com\/index.php\/wp-json\/wp\/v2\/pages\/2\/revisions\/53"}],"wp:attachment":[{"href":"http:\/\/www.toscagiunco.com\/index.php\/wp-json\/wp\/v2\/media?parent=2"}],"curies":[{"name":"wp","href":"https:\/\/api.w.org\/{rel}","templated":true}]}}